{"id":101,"date":"2025-04-16T08:30:45","date_gmt":"2025-04-16T08:30:45","guid":{"rendered":"https:\/\/pentinkulma.com\/?page_id=101"},"modified":"2025-04-24T07:41:04","modified_gmt":"2025-04-24T07:41:04","slug":"matkanjarjestajille-ja-bussiryhmille","status":"publish","type":"page","link":"https:\/\/pentinkulma.com\/index.php\/matkanjarjestajille-ja-bussiryhmille\/","title":{"rendered":"Matkanj\u00e4rjest\u00e4jille ja bussiryhmille"},"content":{"rendered":"\n<p><strong>Pys\u00e4hdy parhaalle tauolle \u2013 Tervetuloa uudistetulle Pentinkulmalle<\/strong><\/p>\n\n\n\n<p>Matkalla on hetki\u00e4, jolloin tauko tekee koko reissusta paremman. <strong>Pentinkulma Urjalassa<\/strong>, suoraan <strong>ysitien varrella <\/strong>Tampereen ja Turun v\u00e4lill\u00e4, on t\u00e4ysin uudistettu ja t\u00e4ydellinen pys\u00e4hdyspaikka bussiryhmille.<\/p>\n\n\n\n<p>\ud83d\ude8d <strong>Bussilla porukan kanssa? Meill\u00e4 kaikki on valmiina:<\/strong><\/p>\n\n\n\n<ul class=\"wp-block-list\">\n<li><strong>Isot, selke\u00e4t parkkialueet<\/strong> \u2013 helppo sis\u00e4\u00e4najo suoraan p\u00e4\u00e4oven l\u00e4heisyyteen<\/li>\n\n\n\n<li><strong>Esteett\u00f6m\u00e4t ja uudistetut WC-tilat <\/strong>\u2013tilavat ja siistit tilat isommillekin ryhmille<\/li>\n\n\n\n<li><strong>Nopea ja joustava ruokailu<\/strong> \u2013 ryhm\u00e4t saavat sujuvasti nauttia buffetlounaasta, my\u00f6s aikataulutetusti ennakkoon<\/li>\n<\/ul>\n\n\n\n<p>\u2615 <strong>Kahvila-ravintola St\u00e5hlberg<\/strong><br>Tarjoaa tuoreita leivoksia, maistuvan ja t\u00e4ytt\u00e4v\u00e4n buffetlounaan my\u00f6s lyhyemm\u00e4ll\u00e4 pys\u00e4hdyksell\u00e4. Isommat ryhm\u00e4t ruokailevat nopeasti ja vaivattomasti. Uusi, tilava 400 m\u00b2 terassi kruunaa kes\u00e4tauon.<\/p>\n\n\n\n<p>\ud83c\udf6c <strong>Maankuulu<\/strong> <strong>Urjalan Makeistukku<\/strong><br>Pentinkulmalla on my\u00f6s legendaarinen karkkikauppa, jossa karkkien, snacksien ja juomien valikoima hurmaa matkailijan. T\u00e4ydellinen paikka tuliaisostoksille tai omaan herkutteluun.<\/p>\n\n\n\n<p>\ud83d\udc68\u200d\ud83d\udc69\u200d\ud83d\udc67\u200d\ud83d\udc66 <strong>Perheyritysten syd\u00e4mellinen palvelu<\/strong><br>Meill\u00e4 matkanj\u00e4rjest\u00e4j\u00e4t ja linja-auton kuljettajat huomioidaan. Joustavuus ja yst\u00e4v\u00e4llisyys ovat osa jokaista pys\u00e4hdyst\u00e4.<\/p>\n\n\n\n<p>\u26fd <strong>Suomalaisen SEOn polttoainejakelu<br><\/strong>Helppo ja nopea tankkaus samassa pihassa. Polttoainepalvelu toimii 24\/7, ja maksaminen k\u00e4y k\u00e4tev\u00e4sti kortilla tai SEONappi sovelluksella.<\/p>\n\n\n\n<p>\ud83c\udfaf <strong>Oletko matkanj\u00e4rjest\u00e4j\u00e4, linja-autoyhti\u00f6n edustaja tai urheilu-seuran vet\u00e4j\u00e4?<\/strong><br>Tarjoamme tutustumisk\u00e4yntej\u00e4 silloin kun se teille parhaiten sopii. Tule kokemaan itse, miksi Pentinkulma on <strong>ysitien paras taukopaikka<\/strong>.<\/p>\n\n\n\n<p>\ud83d\udccd <strong>Varaa pys\u00e4hdys tai sovi tutustumisk\u00e4ynti:<\/strong><br>\ud83d\udcde Jani Tuominen 0409312288<br>\ud83d\udce7&nbsp;info@pentinkulma.com<br>\ud83c\udf10 pentinkulma.com<\/p>\n","protected":false},"excerpt":{"rendered":"<p>Pys\u00e4hdy parhaalle tauolle \u2013 Tervetuloa uudistetulle Pentinkulmalle Matkalla on hetki\u00e4, jolloin tauko tekee koko reissusta paremman. Pentinkulma Urjalassa, suoraan ysitien varrella Tampereen ja Turun v\u00e4lill\u00e4, on t\u00e4ysin uudistettu ja t\u00e4ydellinen pys\u00e4hdyspaikka bussiryhmille. \ud83d\ude8d Bussilla porukan kanssa? Meill\u00e4 kaikki on valmiina: \u2615 Kahvila-ravintola St\u00e5hlbergTarjoaa tuoreita leivoksia, maistuvan ja t\u00e4ytt\u00e4v\u00e4n buffetlounaan my\u00f6s lyhyemm\u00e4ll\u00e4 pys\u00e4hdyksell\u00e4. Isommat ryhm\u00e4t ruokailevat &hellip; <\/p>\n<p class=\"link-more\"><a href=\"https:\/\/pentinkulma.com\/index.php\/matkanjarjestajille-ja-bussiryhmille\/\" class=\"more-link\">Jatka lukemista<span class=\"screen-reader-text\"> &#8221;Matkanj\u00e4rjest\u00e4jille ja bussiryhmille&#8221;<\/span><\/a><\/p>\n","protected":false},"author":1,"featured_media":0,"parent":0,"menu_order":0,"comment_status":"closed","ping_status":"closed","template":"","meta":{"_kadence_starter_templates_imported_post":false,"footnotes":""},"class_list":["post-101","page","type-page","status-publish","hentry"],"yoast_head":"<!-- This site is optimized with the Yoast SEO plugin v24.9 - https:\/\/yoast.com\/wordpress\/plugins\/seo\/ -->\n<title>Matkanj\u00e4rjest\u00e4jille ja bussiryhmille - Pentinkulma<\/title>\n<meta name=\"description\" content=\"Oletko matkanj\u00e4rjest\u00e4j\u00e4 tai linja-autoyhti\u00f6n edustaja? Tarjoamme tutustumisk\u00e4yntej\u00e4 silloin kun se teille parhaiten sopii. Tule kokemaan itse, miksi Pentinkulma on ysitien paras taukopaikka.\" \/>\n<meta name=\"robots\" content=\"index, follow, max-snippet:-1, max-image-preview:large, max-video-preview:-1\" \/>\n<link rel=\"canonical\" href=\"https:\/\/pentinkulma.com\/index.php\/matkanjarjestajille-ja-bussiryhmille\/\" \/>\n<meta property=\"og:locale\" content=\"fi_FI\" \/>\n<meta property=\"og:type\" content=\"article\" \/>\n<meta property=\"og:title\" content=\"Matkanj\u00e4rjest\u00e4jille ja bussiryhmille - Pentinkulma\" \/>\n<meta property=\"og:description\" content=\"Oletko matkanj\u00e4rjest\u00e4j\u00e4 tai linja-autoyhti\u00f6n edustaja? Tarjoamme tutustumisk\u00e4yntej\u00e4 silloin kun se teille parhaiten sopii. Tule kokemaan itse, miksi Pentinkulma on ysitien paras taukopaikka.\" \/>\n<meta property=\"og:url\" content=\"https:\/\/pentinkulma.com\/index.php\/matkanjarjestajille-ja-bussiryhmille\/\" \/>\n<meta property=\"og:site_name\" content=\"Pentinkulma\" \/>\n<meta property=\"article:publisher\" content=\"https:\/\/facebook.com\/pentinkulma\" \/>\n<meta property=\"article:modified_time\" content=\"2025-04-24T07:41:04+00:00\" \/>\n<meta name=\"twitter:card\" content=\"summary_large_image\" \/>\n<meta name=\"twitter:label1\" content=\"Arvioitu lukuaika\" \/>\n\t<meta name=\"twitter:data1\" content=\"2 minuuttia\" \/>\n<script type=\"application\/ld+json\" class=\"yoast-schema-graph\">{\"@context\":\"https:\/\/schema.org\",\"@graph\":[{\"@type\":\"WebPage\",\"@id\":\"https:\/\/pentinkulma.com\/index.php\/matkanjarjestajille-ja-bussiryhmille\/\",\"url\":\"https:\/\/pentinkulma.com\/index.php\/matkanjarjestajille-ja-bussiryhmille\/\",\"name\":\"Matkanj\u00e4rjest\u00e4jille ja bussiryhmille - Pentinkulma\",\"isPartOf\":{\"@id\":\"https:\/\/pentinkulma.com\/#website\"},\"datePublished\":\"2025-04-16T08:30:45+00:00\",\"dateModified\":\"2025-04-24T07:41:04+00:00\",\"description\":\"Oletko matkanj\u00e4rjest\u00e4j\u00e4 tai linja-autoyhti\u00f6n edustaja? Tarjoamme tutustumisk\u00e4yntej\u00e4 silloin kun se teille parhaiten sopii. Tule kokemaan itse, miksi Pentinkulma on ysitien paras taukopaikka.\",\"breadcrumb\":{\"@id\":\"https:\/\/pentinkulma.com\/index.php\/matkanjarjestajille-ja-bussiryhmille\/#breadcrumb\"},\"inLanguage\":\"fi\",\"potentialAction\":[{\"@type\":\"ReadAction\",\"target\":[\"https:\/\/pentinkulma.com\/index.php\/matkanjarjestajille-ja-bussiryhmille\/\"]}]},{\"@type\":\"BreadcrumbList\",\"@id\":\"https:\/\/pentinkulma.com\/index.php\/matkanjarjestajille-ja-bussiryhmille\/#breadcrumb\",\"itemListElement\":[{\"@type\":\"ListItem\",\"position\":1,\"name\":\"Etusivu\",\"item\":\"https:\/\/pentinkulma.com\/\"},{\"@type\":\"ListItem\",\"position\":2,\"name\":\"Matkanj\u00e4rjest\u00e4jille ja bussiryhmille\"}]},{\"@type\":\"WebSite\",\"@id\":\"https:\/\/pentinkulma.com\/#website\",\"url\":\"https:\/\/pentinkulma.com\/\",\"name\":\"Pentinkulma\",\"description\":\"\",\"publisher\":{\"@id\":\"https:\/\/pentinkulma.com\/#organization\"},\"potentialAction\":[{\"@type\":\"SearchAction\",\"target\":{\"@type\":\"EntryPoint\",\"urlTemplate\":\"https:\/\/pentinkulma.com\/?s={search_term_string}\"},\"query-input\":{\"@type\":\"PropertyValueSpecification\",\"valueRequired\":true,\"valueName\":\"search_term_string\"}}],\"inLanguage\":\"fi\"},{\"@type\":\"Organization\",\"@id\":\"https:\/\/pentinkulma.com\/#organization\",\"name\":\"Urjalan Pentinkulma Oy\",\"url\":\"https:\/\/pentinkulma.com\/\",\"logo\":{\"@type\":\"ImageObject\",\"inLanguage\":\"fi\",\"@id\":\"https:\/\/pentinkulma.com\/#\/schema\/logo\/image\/\",\"url\":\"https:\/\/pentinkulma.com\/wp-content\/uploads\/2025\/04\/pentinkulma.jpeg\",\"contentUrl\":\"https:\/\/pentinkulma.com\/wp-content\/uploads\/2025\/04\/pentinkulma.jpeg\",\"width\":1280,\"height\":568,\"caption\":\"Urjalan Pentinkulma Oy\"},\"image\":{\"@id\":\"https:\/\/pentinkulma.com\/#\/schema\/logo\/image\/\"},\"sameAs\":[\"https:\/\/facebook.com\/pentinkulma\",\"https:\/\/instagram.com\/pentinkulma\"]}]}<\/script>\n<!-- \/ Yoast SEO plugin. -->","yoast_head_json":{"title":"Matkanj\u00e4rjest\u00e4jille ja bussiryhmille - Pentinkulma","description":"Oletko matkanj\u00e4rjest\u00e4j\u00e4 tai linja-autoyhti\u00f6n edustaja? Tarjoamme tutustumisk\u00e4yntej\u00e4 silloin kun se teille parhaiten sopii. Tule kokemaan itse, miksi Pentinkulma on ysitien paras taukopaikka.","robots":{"index":"index","follow":"follow","max-snippet":"max-snippet:-1","max-image-preview":"max-image-preview:large","max-video-preview":"max-video-preview:-1"},"canonical":"https:\/\/pentinkulma.com\/index.php\/matkanjarjestajille-ja-bussiryhmille\/","og_locale":"fi_FI","og_type":"article","og_title":"Matkanj\u00e4rjest\u00e4jille ja bussiryhmille - Pentinkulma","og_description":"Oletko matkanj\u00e4rjest\u00e4j\u00e4 tai linja-autoyhti\u00f6n edustaja? Tarjoamme tutustumisk\u00e4yntej\u00e4 silloin kun se teille parhaiten sopii. Tule kokemaan itse, miksi Pentinkulma on ysitien paras taukopaikka.","og_url":"https:\/\/pentinkulma.com\/index.php\/matkanjarjestajille-ja-bussiryhmille\/","og_site_name":"Pentinkulma","article_publisher":"https:\/\/facebook.com\/pentinkulma","article_modified_time":"2025-04-24T07:41:04+00:00","twitter_card":"summary_large_image","twitter_misc":{"Arvioitu lukuaika":"2 minuuttia"},"schema":{"@context":"https:\/\/schema.org","@graph":[{"@type":"WebPage","@id":"https:\/\/pentinkulma.com\/index.php\/matkanjarjestajille-ja-bussiryhmille\/","url":"https:\/\/pentinkulma.com\/index.php\/matkanjarjestajille-ja-bussiryhmille\/","name":"Matkanj\u00e4rjest\u00e4jille ja bussiryhmille - Pentinkulma","isPartOf":{"@id":"https:\/\/pentinkulma.com\/#website"},"datePublished":"2025-04-16T08:30:45+00:00","dateModified":"2025-04-24T07:41:04+00:00","description":"Oletko matkanj\u00e4rjest\u00e4j\u00e4 tai linja-autoyhti\u00f6n edustaja? Tarjoamme tutustumisk\u00e4yntej\u00e4 silloin kun se teille parhaiten sopii. Tule kokemaan itse, miksi Pentinkulma on ysitien paras taukopaikka.","breadcrumb":{"@id":"https:\/\/pentinkulma.com\/index.php\/matkanjarjestajille-ja-bussiryhmille\/#breadcrumb"},"inLanguage":"fi","potentialAction":[{"@type":"ReadAction","target":["https:\/\/pentinkulma.com\/index.php\/matkanjarjestajille-ja-bussiryhmille\/"]}]},{"@type":"BreadcrumbList","@id":"https:\/\/pentinkulma.com\/index.php\/matkanjarjestajille-ja-bussiryhmille\/#breadcrumb","itemListElement":[{"@type":"ListItem","position":1,"name":"Etusivu","item":"https:\/\/pentinkulma.com\/"},{"@type":"ListItem","position":2,"name":"Matkanj\u00e4rjest\u00e4jille ja bussiryhmille"}]},{"@type":"WebSite","@id":"https:\/\/pentinkulma.com\/#website","url":"https:\/\/pentinkulma.com\/","name":"Pentinkulma","description":"","publisher":{"@id":"https:\/\/pentinkulma.com\/#organization"},"potentialAction":[{"@type":"SearchAction","target":{"@type":"EntryPoint","urlTemplate":"https:\/\/pentinkulma.com\/?s={search_term_string}"},"query-input":{"@type":"PropertyValueSpecification","valueRequired":true,"valueName":"search_term_string"}}],"inLanguage":"fi"},{"@type":"Organization","@id":"https:\/\/pentinkulma.com\/#organization","name":"Urjalan Pentinkulma Oy","url":"https:\/\/pentinkulma.com\/","logo":{"@type":"ImageObject","inLanguage":"fi","@id":"https:\/\/pentinkulma.com\/#\/schema\/logo\/image\/","url":"https:\/\/pentinkulma.com\/wp-content\/uploads\/2025\/04\/pentinkulma.jpeg","contentUrl":"https:\/\/pentinkulma.com\/wp-content\/uploads\/2025\/04\/pentinkulma.jpeg","width":1280,"height":568,"caption":"Urjalan Pentinkulma Oy"},"image":{"@id":"https:\/\/pentinkulma.com\/#\/schema\/logo\/image\/"},"sameAs":["https:\/\/facebook.com\/pentinkulma","https:\/\/instagram.com\/pentinkulma"]}]}},"_links":{"self":[{"href":"https:\/\/pentinkulma.com\/index.php\/wp-json\/wp\/v2\/pages\/101","targetHints":{"allow":["GET"]}}],"collection":[{"href":"https:\/\/pentinkulma.com\/index.php\/wp-json\/wp\/v2\/pages"}],"about":[{"href":"https:\/\/pentinkulma.com\/index.php\/wp-json\/wp\/v2\/types\/page"}],"author":[{"embeddable":true,"href":"https:\/\/pentinkulma.com\/index.php\/wp-json\/wp\/v2\/users\/1"}],"replies":[{"embeddable":true,"href":"https:\/\/pentinkulma.com\/index.php\/wp-json\/wp\/v2\/comments?post=101"}],"version-history":[{"count":7,"href":"https:\/\/pentinkulma.com\/index.php\/wp-json\/wp\/v2\/pages\/101\/revisions"}],"predecessor-version":[{"id":139,"href":"https:\/\/pentinkulma.com\/index.php\/wp-json\/wp\/v2\/pages\/101\/revisions\/139"}],"wp:attachment":[{"href":"https:\/\/pentinkulma.com\/index.php\/wp-json\/wp\/v2\/media?parent=101"}],"curies":[{"name":"wp","href":"https:\/\/api.w.org\/{rel}","templated":true}]}}