{"id":50,"date":"2025-04-15T07:41:20","date_gmt":"2025-04-15T07:41:20","guid":{"rendered":"https:\/\/pentinkulma.com\/?page_id=50"},"modified":"2025-08-08T12:32:48","modified_gmt":"2025-08-08T12:32:48","slug":"majoitus","status":"publish","type":"page","link":"https:\/\/pentinkulma.com\/index.php\/majoitus\/","title":{"rendered":"Majoitus"},"content":{"rendered":"\n<p>Pentinkulman suursaneerauksen ensimm\u00e4inen vaihe oli kunnostaa p\u00e4\u00e4rakennus sek\u00e4 suuri piha-alue. Pentinkulman majoitustilat ovat ainakin vuonna 2025 poissa k\u00e4yt\u00f6st\u00e4, mutta pid\u00e4mme teid\u00e4t ajan tasalla projektin etenemisest\u00e4 Pentinkulman somekanavissa <a href=\"https:\/\/www.instagram.com\/pentinkulma\/\">Instagramissa<\/a> ja <a href=\"https:\/\/www.facebook.com\/pentinkulma\/\">Facebookissa<\/a>.<\/p>\n\n\n\n<p>Sill\u00e4 aikaa, toivomme k\u00e4rsiv\u00e4llisyytt\u00e4. Lupaamme, ett\u00e4 t\u00e4m\u00e4kin on odottamisen arvoista!&nbsp;\u2764\ufe0f<\/p>\n\n\n\n<p><\/p>\n","protected":false},"excerpt":{"rendered":"<p>Pentinkulman suursaneerauksen ensimm\u00e4inen vaihe oli kunnostaa p\u00e4\u00e4rakennus sek\u00e4 suuri piha-alue. Pentinkulman majoitustilat ovat ainakin vuonna 2025 poissa k\u00e4yt\u00f6st\u00e4, mutta pid\u00e4mme teid\u00e4t ajan tasalla projektin etenemisest\u00e4 Pentinkulman somekanavissa Instagramissa ja Facebookissa. Sill\u00e4 aikaa, toivomme k\u00e4rsiv\u00e4llisyytt\u00e4. Lupaamme, ett\u00e4 t\u00e4m\u00e4kin on odottamisen arvoista!&nbsp;\u2764\ufe0f<\/p>\n","protected":false},"author":1,"featured_media":0,"parent":0,"menu_order":0,"comment_status":"closed","ping_status":"closed","template":"","meta":{"_kadence_starter_templates_imported_post":false,"footnotes":""},"class_list":["post-50","page","type-page","status-publish","hentry"],"yoast_head":"<!-- This site is optimized with the Yoast SEO plugin v24.9 - https:\/\/yoast.com\/wordpress\/plugins\/seo\/ -->\n<title>Majoitus - Pentinkulma<\/title>\n<meta name=\"robots\" content=\"index, follow, max-snippet:-1, max-image-preview:large, max-video-preview:-1\" \/>\n<link rel=\"canonical\" href=\"https:\/\/pentinkulma.com\/index.php\/majoitus\/\" \/>\n<meta property=\"og:locale\" content=\"fi_FI\" \/>\n<meta property=\"og:type\" content=\"article\" \/>\n<meta property=\"og:title\" content=\"Majoitus - Pentinkulma\" \/>\n<meta property=\"og:description\" content=\"Pentinkulman suursaneerauksen ensimm\u00e4inen vaihe oli kunnostaa p\u00e4\u00e4rakennus sek\u00e4 suuri piha-alue. Pentinkulman majoitustilat ovat ainakin vuonna 2025 poissa k\u00e4yt\u00f6st\u00e4, mutta pid\u00e4mme teid\u00e4t ajan tasalla projektin etenemisest\u00e4 Pentinkulman somekanavissa Instagramissa ja Facebookissa. Sill\u00e4 aikaa, toivomme k\u00e4rsiv\u00e4llisyytt\u00e4. Lupaamme, ett\u00e4 t\u00e4m\u00e4kin on odottamisen arvoista!&nbsp;\u2764\ufe0f\" \/>\n<meta property=\"og:url\" content=\"https:\/\/pentinkulma.com\/index.php\/majoitus\/\" \/>\n<meta property=\"og:site_name\" content=\"Pentinkulma\" \/>\n<meta property=\"article:publisher\" content=\"https:\/\/facebook.com\/pentinkulma\" \/>\n<meta property=\"article:modified_time\" content=\"2025-08-08T12:32:48+00:00\" \/>\n<meta name=\"twitter:card\" content=\"summary_large_image\" \/>\n<meta name=\"twitter:label1\" content=\"Arvioitu lukuaika\" \/>\n\t<meta name=\"twitter:data1\" content=\"1 minuutti\" \/>\n<script type=\"application\/ld+json\" class=\"yoast-schema-graph\">{\"@context\":\"https:\/\/schema.org\",\"@graph\":[{\"@type\":\"WebPage\",\"@id\":\"https:\/\/pentinkulma.com\/index.php\/majoitus\/\",\"url\":\"https:\/\/pentinkulma.com\/index.php\/majoitus\/\",\"name\":\"Majoitus - Pentinkulma\",\"isPartOf\":{\"@id\":\"https:\/\/pentinkulma.com\/#website\"},\"datePublished\":\"2025-04-15T07:41:20+00:00\",\"dateModified\":\"2025-08-08T12:32:48+00:00\",\"breadcrumb\":{\"@id\":\"https:\/\/pentinkulma.com\/index.php\/majoitus\/#breadcrumb\"},\"inLanguage\":\"fi\",\"potentialAction\":[{\"@type\":\"ReadAction\",\"target\":[\"https:\/\/pentinkulma.com\/index.php\/majoitus\/\"]}]},{\"@type\":\"BreadcrumbList\",\"@id\":\"https:\/\/pentinkulma.com\/index.php\/majoitus\/#breadcrumb\",\"itemListElement\":[{\"@type\":\"ListItem\",\"position\":1,\"name\":\"Etusivu\",\"item\":\"https:\/\/pentinkulma.com\/\"},{\"@type\":\"ListItem\",\"position\":2,\"name\":\"Majoitus\"}]},{\"@type\":\"WebSite\",\"@id\":\"https:\/\/pentinkulma.com\/#website\",\"url\":\"https:\/\/pentinkulma.com\/\",\"name\":\"Pentinkulma\",\"description\":\"\",\"publisher\":{\"@id\":\"https:\/\/pentinkulma.com\/#organization\"},\"potentialAction\":[{\"@type\":\"SearchAction\",\"target\":{\"@type\":\"EntryPoint\",\"urlTemplate\":\"https:\/\/pentinkulma.com\/?s={search_term_string}\"},\"query-input\":{\"@type\":\"PropertyValueSpecification\",\"valueRequired\":true,\"valueName\":\"search_term_string\"}}],\"inLanguage\":\"fi\"},{\"@type\":\"Organization\",\"@id\":\"https:\/\/pentinkulma.com\/#organization\",\"name\":\"Urjalan Pentinkulma Oy\",\"url\":\"https:\/\/pentinkulma.com\/\",\"logo\":{\"@type\":\"ImageObject\",\"inLanguage\":\"fi\",\"@id\":\"https:\/\/pentinkulma.com\/#\/schema\/logo\/image\/\",\"url\":\"https:\/\/pentinkulma.com\/wp-content\/uploads\/2025\/04\/pentinkulma.jpeg\",\"contentUrl\":\"https:\/\/pentinkulma.com\/wp-content\/uploads\/2025\/04\/pentinkulma.jpeg\",\"width\":1280,\"height\":568,\"caption\":\"Urjalan Pentinkulma Oy\"},\"image\":{\"@id\":\"https:\/\/pentinkulma.com\/#\/schema\/logo\/image\/\"},\"sameAs\":[\"https:\/\/facebook.com\/pentinkulma\",\"https:\/\/instagram.com\/pentinkulma\"]}]}<\/script>\n<!-- \/ Yoast SEO plugin. -->","yoast_head_json":{"title":"Majoitus - Pentinkulma","robots":{"index":"index","follow":"follow","max-snippet":"max-snippet:-1","max-image-preview":"max-image-preview:large","max-video-preview":"max-video-preview:-1"},"canonical":"https:\/\/pentinkulma.com\/index.php\/majoitus\/","og_locale":"fi_FI","og_type":"article","og_title":"Majoitus - Pentinkulma","og_description":"Pentinkulman suursaneerauksen ensimm\u00e4inen vaihe oli kunnostaa p\u00e4\u00e4rakennus sek\u00e4 suuri piha-alue. Pentinkulman majoitustilat ovat ainakin vuonna 2025 poissa k\u00e4yt\u00f6st\u00e4, mutta pid\u00e4mme teid\u00e4t ajan tasalla projektin etenemisest\u00e4 Pentinkulman somekanavissa Instagramissa ja Facebookissa. Sill\u00e4 aikaa, toivomme k\u00e4rsiv\u00e4llisyytt\u00e4. Lupaamme, ett\u00e4 t\u00e4m\u00e4kin on odottamisen arvoista!&nbsp;\u2764\ufe0f","og_url":"https:\/\/pentinkulma.com\/index.php\/majoitus\/","og_site_name":"Pentinkulma","article_publisher":"https:\/\/facebook.com\/pentinkulma","article_modified_time":"2025-08-08T12:32:48+00:00","twitter_card":"summary_large_image","twitter_misc":{"Arvioitu lukuaika":"1 minuutti"},"schema":{"@context":"https:\/\/schema.org","@graph":[{"@type":"WebPage","@id":"https:\/\/pentinkulma.com\/index.php\/majoitus\/","url":"https:\/\/pentinkulma.com\/index.php\/majoitus\/","name":"Majoitus - Pentinkulma","isPartOf":{"@id":"https:\/\/pentinkulma.com\/#website"},"datePublished":"2025-04-15T07:41:20+00:00","dateModified":"2025-08-08T12:32:48+00:00","breadcrumb":{"@id":"https:\/\/pentinkulma.com\/index.php\/majoitus\/#breadcrumb"},"inLanguage":"fi","potentialAction":[{"@type":"ReadAction","target":["https:\/\/pentinkulma.com\/index.php\/majoitus\/"]}]},{"@type":"BreadcrumbList","@id":"https:\/\/pentinkulma.com\/index.php\/majoitus\/#breadcrumb","itemListElement":[{"@type":"ListItem","position":1,"name":"Etusivu","item":"https:\/\/pentinkulma.com\/"},{"@type":"ListItem","position":2,"name":"Majoitus"}]},{"@type":"WebSite","@id":"https:\/\/pentinkulma.com\/#website","url":"https:\/\/pentinkulma.com\/","name":"Pentinkulma","description":"","publisher":{"@id":"https:\/\/pentinkulma.com\/#organization"},"potentialAction":[{"@type":"SearchAction","target":{"@type":"EntryPoint","urlTemplate":"https:\/\/pentinkulma.com\/?s={search_term_string}"},"query-input":{"@type":"PropertyValueSpecification","valueRequired":true,"valueName":"search_term_string"}}],"inLanguage":"fi"},{"@type":"Organization","@id":"https:\/\/pentinkulma.com\/#organization","name":"Urjalan Pentinkulma Oy","url":"https:\/\/pentinkulma.com\/","logo":{"@type":"ImageObject","inLanguage":"fi","@id":"https:\/\/pentinkulma.com\/#\/schema\/logo\/image\/","url":"https:\/\/pentinkulma.com\/wp-content\/uploads\/2025\/04\/pentinkulma.jpeg","contentUrl":"https:\/\/pentinkulma.com\/wp-content\/uploads\/2025\/04\/pentinkulma.jpeg","width":1280,"height":568,"caption":"Urjalan Pentinkulma Oy"},"image":{"@id":"https:\/\/pentinkulma.com\/#\/schema\/logo\/image\/"},"sameAs":["https:\/\/facebook.com\/pentinkulma","https:\/\/instagram.com\/pentinkulma"]}]}},"_links":{"self":[{"href":"https:\/\/pentinkulma.com\/index.php\/wp-json\/wp\/v2\/pages\/50","targetHints":{"allow":["GET"]}}],"collection":[{"href":"https:\/\/pentinkulma.com\/index.php\/wp-json\/wp\/v2\/pages"}],"about":[{"href":"https:\/\/pentinkulma.com\/index.php\/wp-json\/wp\/v2\/types\/page"}],"author":[{"embeddable":true,"href":"https:\/\/pentinkulma.com\/index.php\/wp-json\/wp\/v2\/users\/1"}],"replies":[{"embeddable":true,"href":"https:\/\/pentinkulma.com\/index.php\/wp-json\/wp\/v2\/comments?post=50"}],"version-history":[{"count":4,"href":"https:\/\/pentinkulma.com\/index.php\/wp-json\/wp\/v2\/pages\/50\/revisions"}],"predecessor-version":[{"id":177,"href":"https:\/\/pentinkulma.com\/index.php\/wp-json\/wp\/v2\/pages\/50\/revisions\/177"}],"wp:attachment":[{"href":"https:\/\/pentinkulma.com\/index.php\/wp-json\/wp\/v2\/media?parent=50"}],"curies":[{"name":"wp","href":"https:\/\/api.w.org\/{rel}","templated":true}]}}