{"id":52,"date":"2025-04-15T07:41:20","date_gmt":"2025-04-15T07:41:20","guid":{"rendered":"https:\/\/pentinkulma.com\/?page_id=52"},"modified":"2025-04-16T07:47:38","modified_gmt":"2025-04-16T07:47:38","slug":"urjalan-makeistukku","status":"publish","type":"page","link":"https:\/\/pentinkulma.com\/index.php\/urjalan-makeistukku\/","title":{"rendered":"Urjalan Makeistukku"},"content":{"rendered":"\n<p>Pentinkulman pihapiirist\u00e4 l\u00f6yd\u00e4t maankuulun Urjalan Makeistukun kivijalkamyym\u00e4l\u00e4n, joka  aloitti toimintansa jo vuonna 1991 Turku-Tampere-tien varrella! Siit\u00e4 l\u00e4htien k\u00e4vij\u00f6iden m\u00e4\u00e4r\u00e4 on kasvanut vuosi vuodelta. Edullisista hinnoista ei ole tingitty edelleenk\u00e4\u00e4n vaan tuotteet ovat saatavilla edullisin tukkuhinnoin. Monet tuotteet l\u00f6yd\u00e4t Suomen halvimpaan hintaan! Voimme helposti sanoa, ett\u00e4 Urjalassa sijaitsee Suomen legendaarisin karkkikauppa.<\/p>\n","protected":false},"excerpt":{"rendered":"<p>Pentinkulman pihapiirist\u00e4 l\u00f6yd\u00e4t maankuulun Urjalan Makeistukun kivijalkamyym\u00e4l\u00e4n, joka aloitti toimintansa jo vuonna 1991 Turku-Tampere-tien varrella! Siit\u00e4 l\u00e4htien k\u00e4vij\u00f6iden m\u00e4\u00e4r\u00e4 on kasvanut vuosi vuodelta. Edullisista hinnoista ei ole tingitty edelleenk\u00e4\u00e4n vaan tuotteet ovat saatavilla edullisin tukkuhinnoin. Monet tuotteet l\u00f6yd\u00e4t Suomen halvimpaan hintaan! Voimme helposti sanoa, ett\u00e4 Urjalassa sijaitsee Suomen legendaarisin karkkikauppa.<\/p>\n","protected":false},"author":1,"featured_media":0,"parent":0,"menu_order":0,"comment_status":"closed","ping_status":"closed","template":"","meta":{"_kadence_starter_templates_imported_post":false,"footnotes":""},"class_list":["post-52","page","type-page","status-publish","hentry"],"yoast_head":"<!-- This site is optimized with the Yoast SEO plugin v24.9 - https:\/\/yoast.com\/wordpress\/plugins\/seo\/ -->\n<title>Urjalan Makeistukku - Pentinkulma<\/title>\n<meta name=\"robots\" content=\"index, follow, max-snippet:-1, max-image-preview:large, max-video-preview:-1\" \/>\n<link rel=\"canonical\" href=\"https:\/\/pentinkulma.com\/index.php\/urjalan-makeistukku\/\" \/>\n<meta property=\"og:locale\" content=\"fi_FI\" \/>\n<meta property=\"og:type\" content=\"article\" \/>\n<meta property=\"og:title\" content=\"Urjalan Makeistukku - Pentinkulma\" \/>\n<meta property=\"og:description\" content=\"Pentinkulman pihapiirist\u00e4 l\u00f6yd\u00e4t maankuulun Urjalan Makeistukun kivijalkamyym\u00e4l\u00e4n, joka aloitti toimintansa jo vuonna 1991 Turku-Tampere-tien varrella! Siit\u00e4 l\u00e4htien k\u00e4vij\u00f6iden m\u00e4\u00e4r\u00e4 on kasvanut vuosi vuodelta. Edullisista hinnoista ei ole tingitty edelleenk\u00e4\u00e4n vaan tuotteet ovat saatavilla edullisin tukkuhinnoin. Monet tuotteet l\u00f6yd\u00e4t Suomen halvimpaan hintaan! Voimme helposti sanoa, ett\u00e4 Urjalassa sijaitsee Suomen legendaarisin karkkikauppa.\" \/>\n<meta property=\"og:url\" content=\"https:\/\/pentinkulma.com\/index.php\/urjalan-makeistukku\/\" \/>\n<meta property=\"og:site_name\" content=\"Pentinkulma\" \/>\n<meta property=\"article:publisher\" content=\"https:\/\/facebook.com\/pentinkulma\" \/>\n<meta property=\"article:modified_time\" content=\"2025-04-16T07:47:38+00:00\" \/>\n<meta name=\"twitter:card\" content=\"summary_large_image\" \/>\n<meta name=\"twitter:label1\" content=\"Arvioitu lukuaika\" \/>\n\t<meta name=\"twitter:data1\" content=\"1 minuutti\" \/>\n<script type=\"application\/ld+json\" class=\"yoast-schema-graph\">{\"@context\":\"https:\/\/schema.org\",\"@graph\":[{\"@type\":\"WebPage\",\"@id\":\"https:\/\/pentinkulma.com\/index.php\/urjalan-makeistukku\/\",\"url\":\"https:\/\/pentinkulma.com\/index.php\/urjalan-makeistukku\/\",\"name\":\"Urjalan Makeistukku - Pentinkulma\",\"isPartOf\":{\"@id\":\"https:\/\/pentinkulma.com\/#website\"},\"datePublished\":\"2025-04-15T07:41:20+00:00\",\"dateModified\":\"2025-04-16T07:47:38+00:00\",\"breadcrumb\":{\"@id\":\"https:\/\/pentinkulma.com\/index.php\/urjalan-makeistukku\/#breadcrumb\"},\"inLanguage\":\"fi\",\"potentialAction\":[{\"@type\":\"ReadAction\",\"target\":[\"https:\/\/pentinkulma.com\/index.php\/urjalan-makeistukku\/\"]}]},{\"@type\":\"BreadcrumbList\",\"@id\":\"https:\/\/pentinkulma.com\/index.php\/urjalan-makeistukku\/#breadcrumb\",\"itemListElement\":[{\"@type\":\"ListItem\",\"position\":1,\"name\":\"Etusivu\",\"item\":\"https:\/\/pentinkulma.com\/\"},{\"@type\":\"ListItem\",\"position\":2,\"name\":\"Urjalan Makeistukku\"}]},{\"@type\":\"WebSite\",\"@id\":\"https:\/\/pentinkulma.com\/#website\",\"url\":\"https:\/\/pentinkulma.com\/\",\"name\":\"Pentinkulma\",\"description\":\"\",\"publisher\":{\"@id\":\"https:\/\/pentinkulma.com\/#organization\"},\"potentialAction\":[{\"@type\":\"SearchAction\",\"target\":{\"@type\":\"EntryPoint\",\"urlTemplate\":\"https:\/\/pentinkulma.com\/?s={search_term_string}\"},\"query-input\":{\"@type\":\"PropertyValueSpecification\",\"valueRequired\":true,\"valueName\":\"search_term_string\"}}],\"inLanguage\":\"fi\"},{\"@type\":\"Organization\",\"@id\":\"https:\/\/pentinkulma.com\/#organization\",\"name\":\"Urjalan Pentinkulma Oy\",\"url\":\"https:\/\/pentinkulma.com\/\",\"logo\":{\"@type\":\"ImageObject\",\"inLanguage\":\"fi\",\"@id\":\"https:\/\/pentinkulma.com\/#\/schema\/logo\/image\/\",\"url\":\"https:\/\/pentinkulma.com\/wp-content\/uploads\/2025\/04\/pentinkulma.jpeg\",\"contentUrl\":\"https:\/\/pentinkulma.com\/wp-content\/uploads\/2025\/04\/pentinkulma.jpeg\",\"width\":1280,\"height\":568,\"caption\":\"Urjalan Pentinkulma Oy\"},\"image\":{\"@id\":\"https:\/\/pentinkulma.com\/#\/schema\/logo\/image\/\"},\"sameAs\":[\"https:\/\/facebook.com\/pentinkulma\",\"https:\/\/instagram.com\/pentinkulma\"]}]}<\/script>\n<!-- \/ Yoast SEO plugin. -->","yoast_head_json":{"title":"Urjalan Makeistukku - Pentinkulma","robots":{"index":"index","follow":"follow","max-snippet":"max-snippet:-1","max-image-preview":"max-image-preview:large","max-video-preview":"max-video-preview:-1"},"canonical":"https:\/\/pentinkulma.com\/index.php\/urjalan-makeistukku\/","og_locale":"fi_FI","og_type":"article","og_title":"Urjalan Makeistukku - Pentinkulma","og_description":"Pentinkulman pihapiirist\u00e4 l\u00f6yd\u00e4t maankuulun Urjalan Makeistukun kivijalkamyym\u00e4l\u00e4n, joka aloitti toimintansa jo vuonna 1991 Turku-Tampere-tien varrella! Siit\u00e4 l\u00e4htien k\u00e4vij\u00f6iden m\u00e4\u00e4r\u00e4 on kasvanut vuosi vuodelta. Edullisista hinnoista ei ole tingitty edelleenk\u00e4\u00e4n vaan tuotteet ovat saatavilla edullisin tukkuhinnoin. Monet tuotteet l\u00f6yd\u00e4t Suomen halvimpaan hintaan! Voimme helposti sanoa, ett\u00e4 Urjalassa sijaitsee Suomen legendaarisin karkkikauppa.","og_url":"https:\/\/pentinkulma.com\/index.php\/urjalan-makeistukku\/","og_site_name":"Pentinkulma","article_publisher":"https:\/\/facebook.com\/pentinkulma","article_modified_time":"2025-04-16T07:47:38+00:00","twitter_card":"summary_large_image","twitter_misc":{"Arvioitu lukuaika":"1 minuutti"},"schema":{"@context":"https:\/\/schema.org","@graph":[{"@type":"WebPage","@id":"https:\/\/pentinkulma.com\/index.php\/urjalan-makeistukku\/","url":"https:\/\/pentinkulma.com\/index.php\/urjalan-makeistukku\/","name":"Urjalan Makeistukku - Pentinkulma","isPartOf":{"@id":"https:\/\/pentinkulma.com\/#website"},"datePublished":"2025-04-15T07:41:20+00:00","dateModified":"2025-04-16T07:47:38+00:00","breadcrumb":{"@id":"https:\/\/pentinkulma.com\/index.php\/urjalan-makeistukku\/#breadcrumb"},"inLanguage":"fi","potentialAction":[{"@type":"ReadAction","target":["https:\/\/pentinkulma.com\/index.php\/urjalan-makeistukku\/"]}]},{"@type":"BreadcrumbList","@id":"https:\/\/pentinkulma.com\/index.php\/urjalan-makeistukku\/#breadcrumb","itemListElement":[{"@type":"ListItem","position":1,"name":"Etusivu","item":"https:\/\/pentinkulma.com\/"},{"@type":"ListItem","position":2,"name":"Urjalan Makeistukku"}]},{"@type":"WebSite","@id":"https:\/\/pentinkulma.com\/#website","url":"https:\/\/pentinkulma.com\/","name":"Pentinkulma","description":"","publisher":{"@id":"https:\/\/pentinkulma.com\/#organization"},"potentialAction":[{"@type":"SearchAction","target":{"@type":"EntryPoint","urlTemplate":"https:\/\/pentinkulma.com\/?s={search_term_string}"},"query-input":{"@type":"PropertyValueSpecification","valueRequired":true,"valueName":"search_term_string"}}],"inLanguage":"fi"},{"@type":"Organization","@id":"https:\/\/pentinkulma.com\/#organization","name":"Urjalan Pentinkulma Oy","url":"https:\/\/pentinkulma.com\/","logo":{"@type":"ImageObject","inLanguage":"fi","@id":"https:\/\/pentinkulma.com\/#\/schema\/logo\/image\/","url":"https:\/\/pentinkulma.com\/wp-content\/uploads\/2025\/04\/pentinkulma.jpeg","contentUrl":"https:\/\/pentinkulma.com\/wp-content\/uploads\/2025\/04\/pentinkulma.jpeg","width":1280,"height":568,"caption":"Urjalan Pentinkulma Oy"},"image":{"@id":"https:\/\/pentinkulma.com\/#\/schema\/logo\/image\/"},"sameAs":["https:\/\/facebook.com\/pentinkulma","https:\/\/instagram.com\/pentinkulma"]}]}},"_links":{"self":[{"href":"https:\/\/pentinkulma.com\/index.php\/wp-json\/wp\/v2\/pages\/52","targetHints":{"allow":["GET"]}}],"collection":[{"href":"https:\/\/pentinkulma.com\/index.php\/wp-json\/wp\/v2\/pages"}],"about":[{"href":"https:\/\/pentinkulma.com\/index.php\/wp-json\/wp\/v2\/types\/page"}],"author":[{"embeddable":true,"href":"https:\/\/pentinkulma.com\/index.php\/wp-json\/wp\/v2\/users\/1"}],"replies":[{"embeddable":true,"href":"https:\/\/pentinkulma.com\/index.php\/wp-json\/wp\/v2\/comments?post=52"}],"version-history":[{"count":3,"href":"https:\/\/pentinkulma.com\/index.php\/wp-json\/wp\/v2\/pages\/52\/revisions"}],"predecessor-version":[{"id":96,"href":"https:\/\/pentinkulma.com\/index.php\/wp-json\/wp\/v2\/pages\/52\/revisions\/96"}],"wp:attachment":[{"href":"https:\/\/pentinkulma.com\/index.php\/wp-json\/wp\/v2\/media?parent=52"}],"curies":[{"name":"wp","href":"https:\/\/api.w.org\/{rel}","templated":true}]}}